{"id":779,"date":"2021-04-27T16:00:52","date_gmt":"2021-04-27T13:00:52","guid":{"rendered":"https:\/\/keresekeskus-ee.vserver.zonevs.eu\/privaatsuspoliitika\/"},"modified":"2021-12-10T15:33:40","modified_gmt":"2021-12-10T13:33:40","slug":"politika-soblyudeniya-konfidenczialnosti","status":"publish","type":"page","link":"https:\/\/keresekeskus.ee\/ru\/politika-soblyudeniya-konfidenczialnosti\/","title":{"rendered":"\u041f\u043e\u043b\u0438\u0442\u0438\u043a\u0430 \u0441\u043e\u0431\u043b\u044e\u0434\u0435\u043d\u0438\u044f \u043a\u043e\u043d\u0444\u0438\u0434\u0435\u043d\u0446\u0438\u0430\u043b\u044c\u043d\u043e\u0441\u0442\u0438"},"content":{"rendered":"\n<p class=\"wp-el\"><strong>KERESE KESKUS O\u00dc ISIKUANDMETE T\u00d6\u00d6TLEMINE<\/strong><\/p>\n\n\n\n<p class=\"wp-el\">Kerese Keskus O\u00dc t\u00f6\u00f6tleb isikuandmeid j\u00e4rgmisel viisil.<\/p>\n\n\n\n<p class=\"wp-el\"><strong>1. MILLISEID ISIKUANDMEID T\u00d6\u00d6DELDAKSE&nbsp;<\/strong><\/p>\n\n\n\n<p class=\"wp-el\">1.1 Eesnimi, perekonnanimi ja e-posti aadress.<\/p>\n\n\n\n<p class=\"wp-el\"><strong>2.&nbsp;MIS EESM\u00c4RGIL ISIKUANDMEID T\u00d6\u00d6DELDAKSE<\/strong><\/p>\n\n\n\n<p class=\"wp-el\">2.1 Isikuandmeid t\u00f6\u00f6deldakse tarbijam\u00e4ngude korraldamiseks ja otseturustuseteadete edastamiseks e-kirja teel.<\/p>\n\n\n\n<p class=\"wp-el\"><strong>3. \u00d5IGUSLIK ALUS<\/strong><\/p>\n\n\n\n<p class=\"wp-el\">3.1 Andmet\u00f6\u00f6tlus toimub n\u00f5usoleku alusel.<\/p>\n\n\n\n<p class=\"wp-el\"><strong>4.&nbsp;VASTUV\u00d5TJAD, KELLELE ISIKUANDMED EDASTATAKSE<\/strong><\/p>\n\n\n\n<p class=\"wp-el\">4.1 Isikuandmed edastatakse  Kerese  Keskus O\u00dc tarbijam\u00e4nge ja otseturustusteadete edastamisega tegelevatele t\u00f6\u00f6tajatele ja teenusepakkujatele.<\/p>\n\n\n\n<p class=\"wp-el\">4.2 Isikuandmeid v\u00f5idakse edastada infotehnoloogiateenuste pakkujatele, kui see on vajalik otseturustusteadete edastamiseks e-kirja teel.<\/p>\n\n\n\n<p class=\"wp-el\"><strong>5.&nbsp;TURVALISUS JA ISIKUANDMETELE LIGIP\u00c4\u00c4S<\/strong><\/p>\n\n\n\n<p class=\"wp-el\">5.1 Isikuandmeid hoitakse Euroopa Liidu liikmesriikide territooriumil.<\/p>\n\n\n\n<p class=\"wp-el\">5.2 Juurdep\u00e4\u00e4s isikuandmetele on tarbijam\u00e4nge ja otseturustust korraldavatel teenusepakkujatel. Teave teenusepakkujate kohta on m\u00e4rgitud tarbijam\u00e4ngu tingimustes.<\/p>\n\n\n\n<p class=\"wp-el\"><strong>6.&nbsp;ISIKUANDMETEGA TUTVUMINE JA PARANDAMINE<\/strong><\/p>\n\n\n\n<p class=\"wp-el\">6.1 Isikuandmetega saate tutvuda ja andmeid parandada saates vastavasisulise e-kirja aadressile:\u00a0info@keresekeskus.ee<\/p>\n\n\n\n<p class=\"wp-el\"><strong>7.&nbsp;N\u00d5USOLEKU TAGASIV\u00d5TMINE<\/strong><\/p>\n\n\n\n<p class=\"wp-el\">7.1 Teil on \u00f5igus isikuandmete t\u00f6\u00f6tlemise n\u00f5usolek tagasi v\u00f5tta saates vastavasisulise e-kirja aadressile:\u00a0info@keresekeskus.ee<\/p>\n\n\n\n<p class=\"wp-el\"><strong>8. S\u00c4ILITAMINE<\/strong><\/p>\n\n\n\n<p class=\"wp-el\">8.1 Isikuandmeid s\u00e4ilitakse kuni andmet\u00f6\u00f6tuse n\u00f5usoleku tagasiv\u00f5tmiseni. Raamatupidamise jaoks vajalikud isikuandmed s\u00e4ilitatakse seitse aastat.<\/p>\n\n\n\n<p class=\"wp-el\"><strong>9. KUSTUTAMINE<\/strong><\/p>\n\n\n\n<p class=\"wp-el\">9.1 Isikuandmete kustutamiseks saatke vastavasisuline e-kiri aadressile:\u00a0<a href=\"mailto:info@keresekeskus.ee\" data-type=\"mailto\" data-id=\"mailto:info@keresekeskus.ee\">info@keresekeskus.ee<\/a>. Kustutamistaotlusele vastatakse mitte hiljem kui kuu aja jooksul ning t\u00e4psustame andmete kustutamise perioodi.<\/p>\n\n\n\n<p class=\"wp-el\"><strong>10. \u00dcLEKANDMINE<\/strong><\/p>\n\n\n\n<p class=\"wp-el\">10.1 Isikuandmete kustutamiseks saatke vastavasisuline e-kiri aadressile:\u00a0info@keresekeskus.ee. Isikuandmete \u00fclekandmise taotlusele vastatakse hiljemalt kuu aja jooksul. Peale isikusamasuse tuvastamist teavitame isikuandmetest, mis kuuluvad \u00fclekandmisele.<\/p>\n\n\n\n<p class=\"wp-el\"><strong>11. OTSETURUSTUSTEATED<\/strong><\/p>\n\n\n\n<p class=\"wp-el\">11.1 E-posti aadressi kasutame otseturustusteadete saatmiseks, kui olete andnud vastava n\u00f5usoleku.<\/p>\n\n\n\n<p class=\"wp-el\"><strong>12. VAIDLUSTE LAHENDAMINE<\/strong><\/p>\n\n\n\n<p class=\"wp-el\">12.1 Isikuandmete t\u00f6\u00f6tlemisega seotud vaidlusi lahendab\u00a0Kerese Keskus O\u00dc\u00a0(info@keresekeskus.ee). J\u00e4relevalveasutus on Eesti Andmekaitse Inspektsioon (<a href=\"mailto:info@aki.ee\">info@aki.ee<\/a>).<\/p>\n","protected":false},"excerpt":{"rendered":"<p>KERESE KESKUS O\u00dc ISIKUANDMETE T\u00d6\u00d6TLEMINE Kerese Keskus O\u00dc t\u00f6\u00f6tleb isikuandmeid j\u00e4rgmisel viisil. 1. MILLISEID ISIKUANDMEID T\u00d6\u00d6DELDAKSE&nbsp; 1.1 Eesnimi, perekonnanimi ja&#8230;<\/p>\n","protected":false},"author":1,"featured_media":0,"parent":0,"menu_order":0,"comment_status":"closed","ping_status":"closed","template":"","meta":{"_acf_changed":false,"inline_featured_image":false,"footnotes":""},"class_list":["post-779","page","type-page","status-publish","hentry"],"acf":[],"_links":{"self":[{"href":"https:\/\/keresekeskus.ee\/ru\/wp-json\/wp\/v2\/pages\/779","targetHints":{"allow":["GET"]}}],"collection":[{"href":"https:\/\/keresekeskus.ee\/ru\/wp-json\/wp\/v2\/pages"}],"about":[{"href":"https:\/\/keresekeskus.ee\/ru\/wp-json\/wp\/v2\/types\/page"}],"author":[{"embeddable":true,"href":"https:\/\/keresekeskus.ee\/ru\/wp-json\/wp\/v2\/users\/1"}],"replies":[{"embeddable":true,"href":"https:\/\/keresekeskus.ee\/ru\/wp-json\/wp\/v2\/comments?post=779"}],"version-history":[{"count":2,"href":"https:\/\/keresekeskus.ee\/ru\/wp-json\/wp\/v2\/pages\/779\/revisions"}],"predecessor-version":[{"id":1360,"href":"https:\/\/keresekeskus.ee\/ru\/wp-json\/wp\/v2\/pages\/779\/revisions\/1360"}],"wp:attachment":[{"href":"https:\/\/keresekeskus.ee\/ru\/wp-json\/wp\/v2\/media?parent=779"}],"curies":[{"name":"wp","href":"https:\/\/api.w.org\/{rel}","templated":true}]}}